{"id":340616,"date":"2026-01-09T10:01:57","date_gmt":"2026-01-09T09:01:57","guid":{"rendered":"https:\/\/www.camping-les-cigales.com\/?page_id=340616"},"modified":"2026-02-09T11:31:45","modified_gmt":"2026-02-09T10:31:45","slug":"camping-en-el-corazon-del-lot-en-rocamadour-2","status":"publish","type":"page","link":"https:\/\/www.camping-les-cigales.com\/es\/","title":{"rendered":"Camping en el coraz\u00f3n del Lot, en Rocamadour"},"content":{"rendered":"\n<p>En el coraz\u00f3n del valle del Dordo\u00f1a, en el departamento del Lot, a dos pasos de la ciudad medieval de Rocamadour, disfruta de una estancia inolvidable en el Camping Les Cigales, que te ofrece una aut\u00e9ntica escapada en el coraz\u00f3n de uno de los pueblos m\u00e1s bonitos de Francia. Este camping de 4 estrellas, situado en un entorno natural excepcional, ofrece un hermoso espacio acu\u00e1tico y numerosos servicios y actividades para que tu estancia sea un \u00e9xito.<\/p>\n\n\n\n<p><\/p>\n","protected":false},"excerpt":{"rendered":"<p>En el coraz\u00f3n del valle del Dordo\u00f1a, en el departamento del Lot, a dos pasos de la ciudad medieval de Rocamadour, disfruta de una estancia inolvidable en el Camping Les Cigales, que te ofrece una aut\u00e9ntica escapada en el coraz\u00f3n de uno de los pueblos m\u00e1s bonitos de Francia. Este camping de 4 estrellas, situado [&hellip;]<\/p>\n","protected":false},"author":1,"featured_media":0,"parent":0,"menu_order":0,"comment_status":"closed","ping_status":"closed","template":"templates\/template-homepage.php","meta":{"_acf_changed":false,"footnotes":""},"class_list":["post-340616","page","type-page","status-publish","hentry"],"acf":[],"yoast_head":"<!-- This site is optimized with the Yoast SEO plugin v27.3 - https:\/\/yoast.com\/product\/yoast-seo-wordpress\/ -->\n<title>Camping en el coraz\u00f3n del Lot, en Rocamadour - Camping Les Cigales<\/title>\n<meta name=\"robots\" content=\"index, follow, max-snippet:-1, max-image-preview:large, max-video-preview:-1\" \/>\n<link rel=\"canonical\" href=\"https:\/\/www.camping-les-cigales.com\/es\/\" \/>\n<meta property=\"og:locale\" content=\"es_ES\" \/>\n<meta property=\"og:type\" content=\"article\" \/>\n<meta property=\"og:title\" content=\"Camping en el coraz\u00f3n del Lot, en Rocamadour - Camping Les Cigales\" \/>\n<meta property=\"og:description\" content=\"En el coraz\u00f3n del valle del Dordo\u00f1a, en el departamento del Lot, a dos pasos de la ciudad medieval de Rocamadour, disfruta de una estancia inolvidable en el Camping Les Cigales, que te ofrece una aut\u00e9ntica escapada en el coraz\u00f3n de uno de los pueblos m\u00e1s bonitos de Francia. Este camping de 4 estrellas, situado [&hellip;]\" \/>\n<meta property=\"og:url\" content=\"https:\/\/www.camping-les-cigales.com\/es\/\" \/>\n<meta property=\"og:site_name\" content=\"Camping Les Cigales\" \/>\n<meta property=\"article:modified_time\" content=\"2026-02-09T10:31:45+00:00\" \/>\n<meta name=\"twitter:card\" content=\"summary_large_image\" \/>\n<meta name=\"twitter:label1\" content=\"Tiempo de lectura\" \/>\n\t<meta name=\"twitter:data1\" content=\"1 minuto\" \/>\n<script type=\"application\/ld+json\" class=\"yoast-schema-graph\">{\"@context\":\"https:\\\/\\\/schema.org\",\"@graph\":[{\"@type\":\"WebPage\",\"@id\":\"https:\\\/\\\/www.camping-les-cigales.com\\\/es\\\/\",\"url\":\"https:\\\/\\\/www.camping-les-cigales.com\\\/es\\\/\",\"name\":\"Camping en el coraz\u00f3n del Lot, en Rocamadour - Camping Les Cigales\",\"isPartOf\":{\"@id\":\"https:\\\/\\\/www.camping-les-cigales.com\\\/es\\\/#website\"},\"datePublished\":\"2026-01-09T09:01:57+00:00\",\"dateModified\":\"2026-02-09T10:31:45+00:00\",\"breadcrumb\":{\"@id\":\"https:\\\/\\\/www.camping-les-cigales.com\\\/es\\\/#breadcrumb\"},\"inLanguage\":\"es\",\"potentialAction\":[{\"@type\":\"ReadAction\",\"target\":[\"https:\\\/\\\/www.camping-les-cigales.com\\\/es\\\/\"]}]},{\"@type\":\"BreadcrumbList\",\"@id\":\"https:\\\/\\\/www.camping-les-cigales.com\\\/es\\\/#breadcrumb\",\"itemListElement\":[{\"@type\":\"ListItem\",\"position\":1,\"name\":\"Accueil\",\"item\":\"https:\\\/\\\/www.camping-les-cigales.com\\\/es\\\/\"},{\"@type\":\"ListItem\",\"position\":2,\"name\":\"Camping en el coraz\u00f3n del Lot, en Rocamadour\"}]},{\"@type\":\"WebSite\",\"@id\":\"https:\\\/\\\/www.camping-les-cigales.com\\\/es\\\/#website\",\"url\":\"https:\\\/\\\/www.camping-les-cigales.com\\\/es\\\/\",\"name\":\"Camping 1\",\"description\":\"\",\"potentialAction\":[{\"@type\":\"SearchAction\",\"target\":{\"@type\":\"EntryPoint\",\"urlTemplate\":\"https:\\\/\\\/www.camping-les-cigales.com\\\/es\\\/?s={search_term_string}\"},\"query-input\":{\"@type\":\"PropertyValueSpecification\",\"valueRequired\":true,\"valueName\":\"search_term_string\"}}],\"inLanguage\":\"es\"}]}<\/script>\n<!-- \/ Yoast SEO plugin. -->","yoast_head_json":{"title":"Camping en el coraz\u00f3n del Lot, en Rocamadour - Camping Les Cigales","robots":{"index":"index","follow":"follow","max-snippet":"max-snippet:-1","max-image-preview":"max-image-preview:large","max-video-preview":"max-video-preview:-1"},"canonical":"https:\/\/www.camping-les-cigales.com\/es\/","og_locale":"es_ES","og_type":"article","og_title":"Camping en el coraz\u00f3n del Lot, en Rocamadour - Camping Les Cigales","og_description":"En el coraz\u00f3n del valle del Dordo\u00f1a, en el departamento del Lot, a dos pasos de la ciudad medieval de Rocamadour, disfruta de una estancia inolvidable en el Camping Les Cigales, que te ofrece una aut\u00e9ntica escapada en el coraz\u00f3n de uno de los pueblos m\u00e1s bonitos de Francia. Este camping de 4 estrellas, situado [&hellip;]","og_url":"https:\/\/www.camping-les-cigales.com\/es\/","og_site_name":"Camping Les Cigales","article_modified_time":"2026-02-09T10:31:45+00:00","twitter_card":"summary_large_image","twitter_misc":{"Tiempo de lectura":"1 minuto"},"schema":{"@context":"https:\/\/schema.org","@graph":[{"@type":"WebPage","@id":"https:\/\/www.camping-les-cigales.com\/es\/","url":"https:\/\/www.camping-les-cigales.com\/es\/","name":"Camping en el coraz\u00f3n del Lot, en Rocamadour - Camping Les Cigales","isPartOf":{"@id":"https:\/\/www.camping-les-cigales.com\/es\/#website"},"datePublished":"2026-01-09T09:01:57+00:00","dateModified":"2026-02-09T10:31:45+00:00","breadcrumb":{"@id":"https:\/\/www.camping-les-cigales.com\/es\/#breadcrumb"},"inLanguage":"es","potentialAction":[{"@type":"ReadAction","target":["https:\/\/www.camping-les-cigales.com\/es\/"]}]},{"@type":"BreadcrumbList","@id":"https:\/\/www.camping-les-cigales.com\/es\/#breadcrumb","itemListElement":[{"@type":"ListItem","position":1,"name":"Accueil","item":"https:\/\/www.camping-les-cigales.com\/es\/"},{"@type":"ListItem","position":2,"name":"Camping en el coraz\u00f3n del Lot, en Rocamadour"}]},{"@type":"WebSite","@id":"https:\/\/www.camping-les-cigales.com\/es\/#website","url":"https:\/\/www.camping-les-cigales.com\/es\/","name":"Camping 1","description":"","potentialAction":[{"@type":"SearchAction","target":{"@type":"EntryPoint","urlTemplate":"https:\/\/www.camping-les-cigales.com\/es\/?s={search_term_string}"},"query-input":{"@type":"PropertyValueSpecification","valueRequired":true,"valueName":"search_term_string"}}],"inLanguage":"es"}]}},"_links":{"self":[{"href":"https:\/\/www.camping-les-cigales.com\/es\/wp-json\/wp\/v2\/pages\/340616","targetHints":{"allow":["GET"]}}],"collection":[{"href":"https:\/\/www.camping-les-cigales.com\/es\/wp-json\/wp\/v2\/pages"}],"about":[{"href":"https:\/\/www.camping-les-cigales.com\/es\/wp-json\/wp\/v2\/types\/page"}],"author":[{"embeddable":true,"href":"https:\/\/www.camping-les-cigales.com\/es\/wp-json\/wp\/v2\/users\/1"}],"replies":[{"embeddable":true,"href":"https:\/\/www.camping-les-cigales.com\/es\/wp-json\/wp\/v2\/comments?post=340616"}],"version-history":[{"count":2,"href":"https:\/\/www.camping-les-cigales.com\/es\/wp-json\/wp\/v2\/pages\/340616\/revisions"}],"predecessor-version":[{"id":340705,"href":"https:\/\/www.camping-les-cigales.com\/es\/wp-json\/wp\/v2\/pages\/340616\/revisions\/340705"}],"wp:attachment":[{"href":"https:\/\/www.camping-les-cigales.com\/es\/wp-json\/wp\/v2\/media?parent=340616"}],"curies":[{"name":"wp","href":"https:\/\/api.w.org\/{rel}","templated":true}]}}