{"id":2606,"date":"2024-09-04T14:34:41","date_gmt":"2024-09-04T12:34:41","guid":{"rendered":"https:\/\/www.camping-les-cigales.com\/vacaciones-en-francia-en-un-entorno-natural-excepcional-en-una-cadena-hotelera-al-aire-libre-llamada-ciela-village\/"},"modified":"2024-09-04T15:47:39","modified_gmt":"2024-09-04T13:47:39","slug":"carte-des-campings","status":"publish","type":"page","link":"https:\/\/www.camping-les-cigales.com\/es\/carte-des-campings\/","title":{"rendered":"Vacaciones en Francia en un entorno natural excepcional en una cadena hotelera al aire libre llamada Ciela Village"},"content":{"rendered":"\n<p>\u00bfTe gustar\u00eda pasar unas vacaciones inolvidables en un entorno \u00fanico en Francia?<\/p>\n\n<p>Todos nuestros campings est\u00e1n situados en magn\u00edficas regiones de Francia, como Provenza, Occitanie, Ard\u00e8che, Verdon, etc.\nS\u00f3lo tienes que elegir el lugar donde t\u00fa y tu familia quer\u00e9is pasar las vacaciones. <\/p>\n\n<p>Ciela Village, grupo hotelero al aire libre, te ofrece todo lo que necesitas para una estancia inolvidable: un entorno natural excepcional, una ubicaci\u00f3n ideal para disfrutar al m\u00e1ximo de la regi\u00f3n, alojamiento de calidad, instalaciones acu\u00e1ticas, deportivas y de ocio y un sinf\u00edn de actividades para que toda la familia se entretenga.\nPara descubrir todos nuestros campings, puedes ir directamente a nuestro sitio web Ciela Village y encontrar el camping que m\u00e1s te convenga. <\/p>\n","protected":false},"excerpt":{"rendered":"<p>\u00bfTe gustar\u00eda pasar unas vacaciones inolvidables en un entorno \u00fanico en Francia? Todos nuestros campings est\u00e1n situados en magn\u00edficas regiones de Francia, como Provenza, Occitanie, Ard\u00e8che, Verdon, etc. S\u00f3lo tienes que elegir el lugar donde t\u00fa y tu familia quer\u00e9is pasar las vacaciones. Ciela Village, grupo hotelero al aire libre, te ofrece todo lo que [&hellip;]<\/p>\n","protected":false},"author":1,"featured_media":0,"parent":0,"menu_order":0,"comment_status":"closed","ping_status":"open","template":"","meta":{"_acf_changed":false,"footnotes":""},"class_list":["post-2606","page","type-page","status-publish","hentry"],"acf":[],"yoast_head":"<!-- This site is optimized with the Yoast SEO plugin v27.3 - https:\/\/yoast.com\/product\/yoast-seo-wordpress\/ -->\n<title>Vacaciones en Francia en un entorno natural excepcional en una cadena hotelera al aire libre llamada Ciela Village - Camping Les Cigales<\/title>\n<meta name=\"robots\" content=\"index, follow, max-snippet:-1, max-image-preview:large, max-video-preview:-1\" \/>\n<link rel=\"canonical\" href=\"https:\/\/www.camping-les-cigales.com\/es\/carte-des-campings\/\" \/>\n<meta property=\"og:locale\" content=\"es_ES\" \/>\n<meta property=\"og:type\" content=\"article\" \/>\n<meta property=\"og:title\" content=\"Vacaciones en Francia en un entorno natural excepcional en una cadena hotelera al aire libre llamada Ciela Village - Camping Les Cigales\" \/>\n<meta property=\"og:description\" content=\"\u00bfTe gustar\u00eda pasar unas vacaciones inolvidables en un entorno \u00fanico en Francia? Todos nuestros campings est\u00e1n situados en magn\u00edficas regiones de Francia, como Provenza, Occitanie, Ard\u00e8che, Verdon, etc. S\u00f3lo tienes que elegir el lugar donde t\u00fa y tu familia quer\u00e9is pasar las vacaciones. Ciela Village, grupo hotelero al aire libre, te ofrece todo lo que [&hellip;]\" \/>\n<meta property=\"og:url\" content=\"https:\/\/www.camping-les-cigales.com\/es\/carte-des-campings\/\" \/>\n<meta property=\"og:site_name\" content=\"Camping Les Cigales\" \/>\n<meta property=\"article:modified_time\" content=\"2024-09-04T13:47:39+00:00\" \/>\n<meta name=\"twitter:card\" content=\"summary_large_image\" \/>\n<meta name=\"twitter:label1\" content=\"Tiempo de lectura\" \/>\n\t<meta name=\"twitter:data1\" content=\"1 minuto\" \/>\n<script type=\"application\/ld+json\" class=\"yoast-schema-graph\">{\"@context\":\"https:\\\/\\\/schema.org\",\"@graph\":[{\"@type\":\"WebPage\",\"@id\":\"https:\\\/\\\/www.camping-les-cigales.com\\\/es\\\/carte-des-campings\\\/\",\"url\":\"https:\\\/\\\/www.camping-les-cigales.com\\\/es\\\/carte-des-campings\\\/\",\"name\":\"Vacaciones en Francia en un entorno natural excepcional en una cadena hotelera al aire libre llamada Ciela Village - Camping Les Cigales\",\"isPartOf\":{\"@id\":\"https:\\\/\\\/www.camping-les-cigales.com\\\/es\\\/#website\"},\"datePublished\":\"2024-09-04T12:34:41+00:00\",\"dateModified\":\"2024-09-04T13:47:39+00:00\",\"breadcrumb\":{\"@id\":\"https:\\\/\\\/www.camping-les-cigales.com\\\/es\\\/carte-des-campings\\\/#breadcrumb\"},\"inLanguage\":\"es\",\"potentialAction\":[{\"@type\":\"ReadAction\",\"target\":[\"https:\\\/\\\/www.camping-les-cigales.com\\\/es\\\/carte-des-campings\\\/\"]}]},{\"@type\":\"BreadcrumbList\",\"@id\":\"https:\\\/\\\/www.camping-les-cigales.com\\\/es\\\/carte-des-campings\\\/#breadcrumb\",\"itemListElement\":[{\"@type\":\"ListItem\",\"position\":1,\"name\":\"Accueil\",\"item\":\"https:\\\/\\\/www.camping-les-cigales.com\\\/es\\\/\"},{\"@type\":\"ListItem\",\"position\":2,\"name\":\"Vacaciones en Francia en un entorno natural excepcional en una cadena hotelera al aire libre llamada Ciela Village\"}]},{\"@type\":\"WebSite\",\"@id\":\"https:\\\/\\\/www.camping-les-cigales.com\\\/es\\\/#website\",\"url\":\"https:\\\/\\\/www.camping-les-cigales.com\\\/es\\\/\",\"name\":\"Camping 1\",\"description\":\"\",\"potentialAction\":[{\"@type\":\"SearchAction\",\"target\":{\"@type\":\"EntryPoint\",\"urlTemplate\":\"https:\\\/\\\/www.camping-les-cigales.com\\\/es\\\/?s={search_term_string}\"},\"query-input\":{\"@type\":\"PropertyValueSpecification\",\"valueRequired\":true,\"valueName\":\"search_term_string\"}}],\"inLanguage\":\"es\"}]}<\/script>\n<!-- \/ Yoast SEO plugin. -->","yoast_head_json":{"title":"Vacaciones en Francia en un entorno natural excepcional en una cadena hotelera al aire libre llamada Ciela Village - Camping Les Cigales","robots":{"index":"index","follow":"follow","max-snippet":"max-snippet:-1","max-image-preview":"max-image-preview:large","max-video-preview":"max-video-preview:-1"},"canonical":"https:\/\/www.camping-les-cigales.com\/es\/carte-des-campings\/","og_locale":"es_ES","og_type":"article","og_title":"Vacaciones en Francia en un entorno natural excepcional en una cadena hotelera al aire libre llamada Ciela Village - Camping Les Cigales","og_description":"\u00bfTe gustar\u00eda pasar unas vacaciones inolvidables en un entorno \u00fanico en Francia? Todos nuestros campings est\u00e1n situados en magn\u00edficas regiones de Francia, como Provenza, Occitanie, Ard\u00e8che, Verdon, etc. S\u00f3lo tienes que elegir el lugar donde t\u00fa y tu familia quer\u00e9is pasar las vacaciones. Ciela Village, grupo hotelero al aire libre, te ofrece todo lo que [&hellip;]","og_url":"https:\/\/www.camping-les-cigales.com\/es\/carte-des-campings\/","og_site_name":"Camping Les Cigales","article_modified_time":"2024-09-04T13:47:39+00:00","twitter_card":"summary_large_image","twitter_misc":{"Tiempo de lectura":"1 minuto"},"schema":{"@context":"https:\/\/schema.org","@graph":[{"@type":"WebPage","@id":"https:\/\/www.camping-les-cigales.com\/es\/carte-des-campings\/","url":"https:\/\/www.camping-les-cigales.com\/es\/carte-des-campings\/","name":"Vacaciones en Francia en un entorno natural excepcional en una cadena hotelera al aire libre llamada Ciela Village - Camping Les Cigales","isPartOf":{"@id":"https:\/\/www.camping-les-cigales.com\/es\/#website"},"datePublished":"2024-09-04T12:34:41+00:00","dateModified":"2024-09-04T13:47:39+00:00","breadcrumb":{"@id":"https:\/\/www.camping-les-cigales.com\/es\/carte-des-campings\/#breadcrumb"},"inLanguage":"es","potentialAction":[{"@type":"ReadAction","target":["https:\/\/www.camping-les-cigales.com\/es\/carte-des-campings\/"]}]},{"@type":"BreadcrumbList","@id":"https:\/\/www.camping-les-cigales.com\/es\/carte-des-campings\/#breadcrumb","itemListElement":[{"@type":"ListItem","position":1,"name":"Accueil","item":"https:\/\/www.camping-les-cigales.com\/es\/"},{"@type":"ListItem","position":2,"name":"Vacaciones en Francia en un entorno natural excepcional en una cadena hotelera al aire libre llamada Ciela Village"}]},{"@type":"WebSite","@id":"https:\/\/www.camping-les-cigales.com\/es\/#website","url":"https:\/\/www.camping-les-cigales.com\/es\/","name":"Camping 1","description":"","potentialAction":[{"@type":"SearchAction","target":{"@type":"EntryPoint","urlTemplate":"https:\/\/www.camping-les-cigales.com\/es\/?s={search_term_string}"},"query-input":{"@type":"PropertyValueSpecification","valueRequired":true,"valueName":"search_term_string"}}],"inLanguage":"es"}]}},"_links":{"self":[{"href":"https:\/\/www.camping-les-cigales.com\/es\/wp-json\/wp\/v2\/pages\/2606","targetHints":{"allow":["GET"]}}],"collection":[{"href":"https:\/\/www.camping-les-cigales.com\/es\/wp-json\/wp\/v2\/pages"}],"about":[{"href":"https:\/\/www.camping-les-cigales.com\/es\/wp-json\/wp\/v2\/types\/page"}],"author":[{"embeddable":true,"href":"https:\/\/www.camping-les-cigales.com\/es\/wp-json\/wp\/v2\/users\/1"}],"replies":[{"embeddable":true,"href":"https:\/\/www.camping-les-cigales.com\/es\/wp-json\/wp\/v2\/comments?post=2606"}],"version-history":[{"count":1,"href":"https:\/\/www.camping-les-cigales.com\/es\/wp-json\/wp\/v2\/pages\/2606\/revisions"}],"predecessor-version":[{"id":2608,"href":"https:\/\/www.camping-les-cigales.com\/es\/wp-json\/wp\/v2\/pages\/2606\/revisions\/2608"}],"wp:attachment":[{"href":"https:\/\/www.camping-les-cigales.com\/es\/wp-json\/wp\/v2\/media?parent=2606"}],"curies":[{"name":"wp","href":"https:\/\/api.w.org\/{rel}","templated":true}]}}