{"id":693,"date":"2024-06-25T16:39:05","date_gmt":"2024-06-25T14:39:05","guid":{"rendered":"https:\/\/www.camping-les-cigales.com\/?page_id=693"},"modified":"2025-05-27T14:44:33","modified_gmt":"2025-05-27T12:44:33","slug":"gaestebewertungen","status":"publish","type":"page","link":"https:\/\/www.camping-les-cigales.com\/de\/gaestebewertungen\/","title":{"rendered":"Die Kundenbewertungen f\u00fcr den Campingplatz Les Cigales"},"content":{"rendered":"\n<p>Schauen Sie sich an, was G\u00e4ste, die bereits auf unserem Campingplatz Les Cigales in Rocamadour Urlaub gemacht haben, \u00fcber ihren Aufenthalt sagen. Dies gibt Ihnen einen Eindruck davon, was Sie erwartet, wenn Sie sich f\u00fcr unseren 4-Sterne-Campingplatz in Lot entscheiden.<\/p>\n","protected":false},"excerpt":{"rendered":"<p>Schauen Sie sich an, was G\u00e4ste, die bereits auf unserem Campingplatz Les Cigales in Rocamadour Urlaub gemacht haben, \u00fcber ihren Aufenthalt sagen. Dies gibt Ihnen einen Eindruck davon, was Sie erwartet, wenn Sie sich f\u00fcr unseren 4-Sterne-Campingplatz in Lot entscheiden.<\/p>\n","protected":false},"author":1,"featured_media":0,"parent":0,"menu_order":0,"comment_status":"closed","ping_status":"closed","template":"templates\/template-avis.php","meta":{"_acf_changed":false,"footnotes":""},"class_list":["post-693","page","type-page","status-publish","hentry"],"acf":[],"yoast_head":"<!-- This site is optimized with the Yoast SEO plugin v27.3 - https:\/\/yoast.com\/product\/yoast-seo-wordpress\/ -->\n<title>Die Kundenbewertungen f\u00fcr den Campingplatz Les Cigales - Camping Les Cigales<\/title>\n<meta name=\"robots\" content=\"index, follow, max-snippet:-1, max-image-preview:large, max-video-preview:-1\" \/>\n<link rel=\"canonical\" href=\"https:\/\/www.camping-les-cigales.com\/de\/gaestebewertungen\/\" \/>\n<meta property=\"og:locale\" content=\"de_DE\" \/>\n<meta property=\"og:type\" content=\"article\" \/>\n<meta property=\"og:title\" content=\"Die Kundenbewertungen f\u00fcr den Campingplatz Les Cigales - Camping Les Cigales\" \/>\n<meta property=\"og:description\" content=\"Schauen Sie sich an, was G\u00e4ste, die bereits auf unserem Campingplatz Les Cigales in Rocamadour Urlaub gemacht haben, \u00fcber ihren Aufenthalt sagen. Dies gibt Ihnen einen Eindruck davon, was Sie erwartet, wenn Sie sich f\u00fcr unseren 4-Sterne-Campingplatz in Lot entscheiden.\" \/>\n<meta property=\"og:url\" content=\"https:\/\/www.camping-les-cigales.com\/de\/gaestebewertungen\/\" \/>\n<meta property=\"og:site_name\" content=\"Camping Les Cigales\" \/>\n<meta property=\"article:modified_time\" content=\"2025-05-27T12:44:33+00:00\" \/>\n<meta name=\"twitter:card\" content=\"summary_large_image\" \/>\n<meta name=\"twitter:label1\" content=\"Gesch\u00e4tzte Lesezeit\" \/>\n\t<meta name=\"twitter:data1\" content=\"1\u00a0Minute\" \/>\n<script type=\"application\/ld+json\" class=\"yoast-schema-graph\">{\"@context\":\"https:\\\/\\\/schema.org\",\"@graph\":[{\"@type\":\"WebPage\",\"@id\":\"https:\\\/\\\/www.camping-les-cigales.com\\\/de\\\/gaestebewertungen\\\/\",\"url\":\"https:\\\/\\\/www.camping-les-cigales.com\\\/de\\\/gaestebewertungen\\\/\",\"name\":\"Die Kundenbewertungen f\u00fcr den Campingplatz Les Cigales - Camping Les Cigales\",\"isPartOf\":{\"@id\":\"https:\\\/\\\/www.camping-les-cigales.com\\\/de\\\/#website\"},\"datePublished\":\"2024-06-25T14:39:05+00:00\",\"dateModified\":\"2025-05-27T12:44:33+00:00\",\"breadcrumb\":{\"@id\":\"https:\\\/\\\/www.camping-les-cigales.com\\\/de\\\/gaestebewertungen\\\/#breadcrumb\"},\"inLanguage\":\"de\",\"potentialAction\":[{\"@type\":\"ReadAction\",\"target\":[\"https:\\\/\\\/www.camping-les-cigales.com\\\/de\\\/gaestebewertungen\\\/\"]}]},{\"@type\":\"BreadcrumbList\",\"@id\":\"https:\\\/\\\/www.camping-les-cigales.com\\\/de\\\/gaestebewertungen\\\/#breadcrumb\",\"itemListElement\":[{\"@type\":\"ListItem\",\"position\":1,\"name\":\"Accueil\",\"item\":\"https:\\\/\\\/www.camping-les-cigales.com\\\/de\\\/\"},{\"@type\":\"ListItem\",\"position\":2,\"name\":\"Die Kundenbewertungen f\u00fcr den Campingplatz Les Cigales\"}]},{\"@type\":\"WebSite\",\"@id\":\"https:\\\/\\\/www.camping-les-cigales.com\\\/de\\\/#website\",\"url\":\"https:\\\/\\\/www.camping-les-cigales.com\\\/de\\\/\",\"name\":\"Camping 1\",\"description\":\"\",\"potentialAction\":[{\"@type\":\"SearchAction\",\"target\":{\"@type\":\"EntryPoint\",\"urlTemplate\":\"https:\\\/\\\/www.camping-les-cigales.com\\\/de\\\/?s={search_term_string}\"},\"query-input\":{\"@type\":\"PropertyValueSpecification\",\"valueRequired\":true,\"valueName\":\"search_term_string\"}}],\"inLanguage\":\"de\"}]}<\/script>\n<!-- \/ Yoast SEO plugin. -->","yoast_head_json":{"title":"Die Kundenbewertungen f\u00fcr den Campingplatz Les Cigales - Camping Les Cigales","robots":{"index":"index","follow":"follow","max-snippet":"max-snippet:-1","max-image-preview":"max-image-preview:large","max-video-preview":"max-video-preview:-1"},"canonical":"https:\/\/www.camping-les-cigales.com\/de\/gaestebewertungen\/","og_locale":"de_DE","og_type":"article","og_title":"Die Kundenbewertungen f\u00fcr den Campingplatz Les Cigales - Camping Les Cigales","og_description":"Schauen Sie sich an, was G\u00e4ste, die bereits auf unserem Campingplatz Les Cigales in Rocamadour Urlaub gemacht haben, \u00fcber ihren Aufenthalt sagen. Dies gibt Ihnen einen Eindruck davon, was Sie erwartet, wenn Sie sich f\u00fcr unseren 4-Sterne-Campingplatz in Lot entscheiden.","og_url":"https:\/\/www.camping-les-cigales.com\/de\/gaestebewertungen\/","og_site_name":"Camping Les Cigales","article_modified_time":"2025-05-27T12:44:33+00:00","twitter_card":"summary_large_image","twitter_misc":{"Gesch\u00e4tzte Lesezeit":"1\u00a0Minute"},"schema":{"@context":"https:\/\/schema.org","@graph":[{"@type":"WebPage","@id":"https:\/\/www.camping-les-cigales.com\/de\/gaestebewertungen\/","url":"https:\/\/www.camping-les-cigales.com\/de\/gaestebewertungen\/","name":"Die Kundenbewertungen f\u00fcr den Campingplatz Les Cigales - Camping Les Cigales","isPartOf":{"@id":"https:\/\/www.camping-les-cigales.com\/de\/#website"},"datePublished":"2024-06-25T14:39:05+00:00","dateModified":"2025-05-27T12:44:33+00:00","breadcrumb":{"@id":"https:\/\/www.camping-les-cigales.com\/de\/gaestebewertungen\/#breadcrumb"},"inLanguage":"de","potentialAction":[{"@type":"ReadAction","target":["https:\/\/www.camping-les-cigales.com\/de\/gaestebewertungen\/"]}]},{"@type":"BreadcrumbList","@id":"https:\/\/www.camping-les-cigales.com\/de\/gaestebewertungen\/#breadcrumb","itemListElement":[{"@type":"ListItem","position":1,"name":"Accueil","item":"https:\/\/www.camping-les-cigales.com\/de\/"},{"@type":"ListItem","position":2,"name":"Die Kundenbewertungen f\u00fcr den Campingplatz Les Cigales"}]},{"@type":"WebSite","@id":"https:\/\/www.camping-les-cigales.com\/de\/#website","url":"https:\/\/www.camping-les-cigales.com\/de\/","name":"Camping 1","description":"","potentialAction":[{"@type":"SearchAction","target":{"@type":"EntryPoint","urlTemplate":"https:\/\/www.camping-les-cigales.com\/de\/?s={search_term_string}"},"query-input":{"@type":"PropertyValueSpecification","valueRequired":true,"valueName":"search_term_string"}}],"inLanguage":"de"}]}},"_links":{"self":[{"href":"https:\/\/www.camping-les-cigales.com\/de\/wp-json\/wp\/v2\/pages\/693","targetHints":{"allow":["GET"]}}],"collection":[{"href":"https:\/\/www.camping-les-cigales.com\/de\/wp-json\/wp\/v2\/pages"}],"about":[{"href":"https:\/\/www.camping-les-cigales.com\/de\/wp-json\/wp\/v2\/types\/page"}],"author":[{"embeddable":true,"href":"https:\/\/www.camping-les-cigales.com\/de\/wp-json\/wp\/v2\/users\/1"}],"replies":[{"embeddable":true,"href":"https:\/\/www.camping-les-cigales.com\/de\/wp-json\/wp\/v2\/comments?post=693"}],"version-history":[{"count":4,"href":"https:\/\/www.camping-les-cigales.com\/de\/wp-json\/wp\/v2\/pages\/693\/revisions"}],"predecessor-version":[{"id":165377,"href":"https:\/\/www.camping-les-cigales.com\/de\/wp-json\/wp\/v2\/pages\/693\/revisions\/165377"}],"wp:attachment":[{"href":"https:\/\/www.camping-les-cigales.com\/de\/wp-json\/wp\/v2\/media?parent=693"}],"curies":[{"name":"wp","href":"https:\/\/api.w.org\/{rel}","templated":true}]}}