{"id":2614,"date":"2024-09-04T14:34:44","date_gmt":"2024-09-04T12:34:44","guid":{"rendered":"https:\/\/www.camping-les-cigales.com\/urlaub-in-frankreich-in-aussergewoehnlichen-natuerlichen-umgebungen-in-einer-freiluft-hotelkette-namens-ciela-village\/"},"modified":"2024-09-04T15:47:24","modified_gmt":"2024-09-04T13:47:24","slug":"carte-des-campings","status":"publish","type":"page","link":"https:\/\/www.camping-les-cigales.com\/de\/carte-des-campings\/","title":{"rendered":"Urlaub in Frankreich in au\u00dfergew\u00f6hnlichen nat\u00fcrlichen Umgebungen in einer Freiluft-Hotelkette namens Ciela Village"},"content":{"rendered":"\n<p>Wie w\u00e4re es mit einem unvergesslichen Urlaub in Frankreich in einer einzigartigen Umgebung?<\/p>\n\n<p>Unsere Campingpl\u00e4tze befinden sich alle in wundersch\u00f6nen Regionen Frankreichs wie der Provence, Okzitanien, Ard\u00e8che, Verdon, etc.\nSie m\u00fcssen nur noch den Ort ausw\u00e4hlen, an dem Sie und Ihre Familie Ihren Traumurlaub verbringen m\u00f6chten. <\/p>\n\n<p>Ciela Village, eine Gruppe von Freilufthotels, bietet Ihnen alles, was Sie f\u00fcr einen unvergesslichen Aufenthalt brauchen: eine au\u00dfergew\u00f6hnliche nat\u00fcrliche Umgebung, eine ideale geographische Lage, um die Region in vollen Z\u00fcgen zu genie\u00dfen, hochwertige Unterk\u00fcnfte, Wasser-, Sport- und Freizeiteinrichtungen sowie eine Vielzahl an Animationen, damit die ganze Familie Spa\u00df haben kann.\nUm alle unsere Campingpl\u00e4tze zu entdecken, k\u00f6nnen Sie direkt auf unsere Webseite Ciela Village gehen und den Campingplatz finden, der zu Ihnen passt. <\/p>\n","protected":false},"excerpt":{"rendered":"<p>Wie w\u00e4re es mit einem unvergesslichen Urlaub in Frankreich in einer einzigartigen Umgebung? Unsere Campingpl\u00e4tze befinden sich alle in wundersch\u00f6nen Regionen Frankreichs wie der Provence, Okzitanien, Ard\u00e8che, Verdon, etc. Sie m\u00fcssen nur noch den Ort ausw\u00e4hlen, an dem Sie und Ihre Familie Ihren Traumurlaub verbringen m\u00f6chten. Ciela Village, eine Gruppe von Freilufthotels, bietet Ihnen alles, [&hellip;]<\/p>\n","protected":false},"author":1,"featured_media":0,"parent":0,"menu_order":0,"comment_status":"closed","ping_status":"open","template":"","meta":{"_acf_changed":false,"footnotes":""},"class_list":["post-2614","page","type-page","status-publish","hentry"],"acf":[],"yoast_head":"<!-- This site is optimized with the Yoast SEO plugin v27.3 - https:\/\/yoast.com\/product\/yoast-seo-wordpress\/ -->\n<title>Urlaub in Frankreich in au\u00dfergew\u00f6hnlichen nat\u00fcrlichen Umgebungen in einer Freiluft-Hotelkette namens Ciela Village - Camping Les Cigales<\/title>\n<meta name=\"robots\" content=\"index, follow, max-snippet:-1, max-image-preview:large, max-video-preview:-1\" \/>\n<link rel=\"canonical\" href=\"https:\/\/www.camping-les-cigales.com\/de\/carte-des-campings\/\" \/>\n<meta property=\"og:locale\" content=\"de_DE\" \/>\n<meta property=\"og:type\" content=\"article\" \/>\n<meta property=\"og:title\" content=\"Urlaub in Frankreich in au\u00dfergew\u00f6hnlichen nat\u00fcrlichen Umgebungen in einer Freiluft-Hotelkette namens Ciela Village - Camping Les Cigales\" \/>\n<meta property=\"og:description\" content=\"Wie w\u00e4re es mit einem unvergesslichen Urlaub in Frankreich in einer einzigartigen Umgebung? Unsere Campingpl\u00e4tze befinden sich alle in wundersch\u00f6nen Regionen Frankreichs wie der Provence, Okzitanien, Ard\u00e8che, Verdon, etc. Sie m\u00fcssen nur noch den Ort ausw\u00e4hlen, an dem Sie und Ihre Familie Ihren Traumurlaub verbringen m\u00f6chten. Ciela Village, eine Gruppe von Freilufthotels, bietet Ihnen alles, [&hellip;]\" \/>\n<meta property=\"og:url\" content=\"https:\/\/www.camping-les-cigales.com\/de\/carte-des-campings\/\" \/>\n<meta property=\"og:site_name\" content=\"Camping Les Cigales\" \/>\n<meta property=\"article:modified_time\" content=\"2024-09-04T13:47:24+00:00\" \/>\n<meta name=\"twitter:card\" content=\"summary_large_image\" \/>\n<meta name=\"twitter:label1\" content=\"Gesch\u00e4tzte Lesezeit\" \/>\n\t<meta name=\"twitter:data1\" content=\"1\u00a0Minute\" \/>\n<script type=\"application\/ld+json\" class=\"yoast-schema-graph\">{\"@context\":\"https:\\\/\\\/schema.org\",\"@graph\":[{\"@type\":\"WebPage\",\"@id\":\"https:\\\/\\\/www.camping-les-cigales.com\\\/de\\\/carte-des-campings\\\/\",\"url\":\"https:\\\/\\\/www.camping-les-cigales.com\\\/de\\\/carte-des-campings\\\/\",\"name\":\"Urlaub in Frankreich in au\u00dfergew\u00f6hnlichen nat\u00fcrlichen Umgebungen in einer Freiluft-Hotelkette namens Ciela Village - Camping Les Cigales\",\"isPartOf\":{\"@id\":\"https:\\\/\\\/www.camping-les-cigales.com\\\/de\\\/#website\"},\"datePublished\":\"2024-09-04T12:34:44+00:00\",\"dateModified\":\"2024-09-04T13:47:24+00:00\",\"breadcrumb\":{\"@id\":\"https:\\\/\\\/www.camping-les-cigales.com\\\/de\\\/carte-des-campings\\\/#breadcrumb\"},\"inLanguage\":\"de\",\"potentialAction\":[{\"@type\":\"ReadAction\",\"target\":[\"https:\\\/\\\/www.camping-les-cigales.com\\\/de\\\/carte-des-campings\\\/\"]}]},{\"@type\":\"BreadcrumbList\",\"@id\":\"https:\\\/\\\/www.camping-les-cigales.com\\\/de\\\/carte-des-campings\\\/#breadcrumb\",\"itemListElement\":[{\"@type\":\"ListItem\",\"position\":1,\"name\":\"Accueil\",\"item\":\"https:\\\/\\\/www.camping-les-cigales.com\\\/de\\\/\"},{\"@type\":\"ListItem\",\"position\":2,\"name\":\"Urlaub in Frankreich in au\u00dfergew\u00f6hnlichen nat\u00fcrlichen Umgebungen in einer Freiluft-Hotelkette namens Ciela Village\"}]},{\"@type\":\"WebSite\",\"@id\":\"https:\\\/\\\/www.camping-les-cigales.com\\\/de\\\/#website\",\"url\":\"https:\\\/\\\/www.camping-les-cigales.com\\\/de\\\/\",\"name\":\"Camping 1\",\"description\":\"\",\"potentialAction\":[{\"@type\":\"SearchAction\",\"target\":{\"@type\":\"EntryPoint\",\"urlTemplate\":\"https:\\\/\\\/www.camping-les-cigales.com\\\/de\\\/?s={search_term_string}\"},\"query-input\":{\"@type\":\"PropertyValueSpecification\",\"valueRequired\":true,\"valueName\":\"search_term_string\"}}],\"inLanguage\":\"de\"}]}<\/script>\n<!-- \/ Yoast SEO plugin. -->","yoast_head_json":{"title":"Urlaub in Frankreich in au\u00dfergew\u00f6hnlichen nat\u00fcrlichen Umgebungen in einer Freiluft-Hotelkette namens Ciela Village - Camping Les Cigales","robots":{"index":"index","follow":"follow","max-snippet":"max-snippet:-1","max-image-preview":"max-image-preview:large","max-video-preview":"max-video-preview:-1"},"canonical":"https:\/\/www.camping-les-cigales.com\/de\/carte-des-campings\/","og_locale":"de_DE","og_type":"article","og_title":"Urlaub in Frankreich in au\u00dfergew\u00f6hnlichen nat\u00fcrlichen Umgebungen in einer Freiluft-Hotelkette namens Ciela Village - Camping Les Cigales","og_description":"Wie w\u00e4re es mit einem unvergesslichen Urlaub in Frankreich in einer einzigartigen Umgebung? Unsere Campingpl\u00e4tze befinden sich alle in wundersch\u00f6nen Regionen Frankreichs wie der Provence, Okzitanien, Ard\u00e8che, Verdon, etc. Sie m\u00fcssen nur noch den Ort ausw\u00e4hlen, an dem Sie und Ihre Familie Ihren Traumurlaub verbringen m\u00f6chten. Ciela Village, eine Gruppe von Freilufthotels, bietet Ihnen alles, [&hellip;]","og_url":"https:\/\/www.camping-les-cigales.com\/de\/carte-des-campings\/","og_site_name":"Camping Les Cigales","article_modified_time":"2024-09-04T13:47:24+00:00","twitter_card":"summary_large_image","twitter_misc":{"Gesch\u00e4tzte Lesezeit":"1\u00a0Minute"},"schema":{"@context":"https:\/\/schema.org","@graph":[{"@type":"WebPage","@id":"https:\/\/www.camping-les-cigales.com\/de\/carte-des-campings\/","url":"https:\/\/www.camping-les-cigales.com\/de\/carte-des-campings\/","name":"Urlaub in Frankreich in au\u00dfergew\u00f6hnlichen nat\u00fcrlichen Umgebungen in einer Freiluft-Hotelkette namens Ciela Village - Camping Les Cigales","isPartOf":{"@id":"https:\/\/www.camping-les-cigales.com\/de\/#website"},"datePublished":"2024-09-04T12:34:44+00:00","dateModified":"2024-09-04T13:47:24+00:00","breadcrumb":{"@id":"https:\/\/www.camping-les-cigales.com\/de\/carte-des-campings\/#breadcrumb"},"inLanguage":"de","potentialAction":[{"@type":"ReadAction","target":["https:\/\/www.camping-les-cigales.com\/de\/carte-des-campings\/"]}]},{"@type":"BreadcrumbList","@id":"https:\/\/www.camping-les-cigales.com\/de\/carte-des-campings\/#breadcrumb","itemListElement":[{"@type":"ListItem","position":1,"name":"Accueil","item":"https:\/\/www.camping-les-cigales.com\/de\/"},{"@type":"ListItem","position":2,"name":"Urlaub in Frankreich in au\u00dfergew\u00f6hnlichen nat\u00fcrlichen Umgebungen in einer Freiluft-Hotelkette namens Ciela Village"}]},{"@type":"WebSite","@id":"https:\/\/www.camping-les-cigales.com\/de\/#website","url":"https:\/\/www.camping-les-cigales.com\/de\/","name":"Camping 1","description":"","potentialAction":[{"@type":"SearchAction","target":{"@type":"EntryPoint","urlTemplate":"https:\/\/www.camping-les-cigales.com\/de\/?s={search_term_string}"},"query-input":{"@type":"PropertyValueSpecification","valueRequired":true,"valueName":"search_term_string"}}],"inLanguage":"de"}]}},"_links":{"self":[{"href":"https:\/\/www.camping-les-cigales.com\/de\/wp-json\/wp\/v2\/pages\/2614","targetHints":{"allow":["GET"]}}],"collection":[{"href":"https:\/\/www.camping-les-cigales.com\/de\/wp-json\/wp\/v2\/pages"}],"about":[{"href":"https:\/\/www.camping-les-cigales.com\/de\/wp-json\/wp\/v2\/types\/page"}],"author":[{"embeddable":true,"href":"https:\/\/www.camping-les-cigales.com\/de\/wp-json\/wp\/v2\/users\/1"}],"replies":[{"embeddable":true,"href":"https:\/\/www.camping-les-cigales.com\/de\/wp-json\/wp\/v2\/comments?post=2614"}],"version-history":[{"count":1,"href":"https:\/\/www.camping-les-cigales.com\/de\/wp-json\/wp\/v2\/pages\/2614\/revisions"}],"predecessor-version":[{"id":2616,"href":"https:\/\/www.camping-les-cigales.com\/de\/wp-json\/wp\/v2\/pages\/2614\/revisions\/2616"}],"wp:attachment":[{"href":"https:\/\/www.camping-les-cigales.com\/de\/wp-json\/wp\/v2\/media?parent=2614"}],"curies":[{"name":"wp","href":"https:\/\/api.w.org\/{rel}","templated":true}]}}