{"id":2552,"date":"2024-09-04T14:33:58","date_gmt":"2024-09-04T12:33:58","guid":{"rendered":"https:\/\/www.camping-les-cigales.com\/unsere-campingplaetze-im-departement-lot\/"},"modified":"2025-05-27T12:00:44","modified_gmt":"2025-05-27T10:00:44","slug":"stellplaetze-lot","status":"publish","type":"page","link":"https:\/\/www.camping-les-cigales.com\/de\/stellplaetze-lot\/","title":{"rendered":"Unsere Campingpl\u00e4tze im Departement Lot"},"content":{"rendered":"\n<p>Haben Sie f\u00fcr Ihren Urlaub im Departement Lot eine dieser Optionen in Betracht gezogen: Zelt, Wohnwagen oder Wohnmobil?\nDann m\u00fcssen Sie einen Campingplatz finden, der Ihnen sch\u00f6ne Stellpl\u00e4tze anbietet, wo Sie sofort in die Natur eintauchen k\u00f6nnen und die Freiheit haben, sich auf einem ger\u00e4umigen, gut abgegrenzten Platz mit ausreichend Privatsph\u00e4re so einzurichten, wie es Ihnen am besten gef\u00e4llt.\nUnser Campingplatz Les Cigales in Rocamadour bietet Ihnen diese idealen Campingpl\u00e4tze, damit Sie die einfachen Freuden eines Urlaubs in der Natur genie\u00dfen k\u00f6nnen!\nWarten Sie nicht l\u00e4nger und buchen Sie einen unserer Stellpl\u00e4tze im Lot und erleben Sie einen unvergesslichen Urlaub mit der ganzen Familie.   <\/p>\n","protected":false},"excerpt":{"rendered":"<p>Haben Sie f\u00fcr Ihren Urlaub im Departement Lot eine dieser Optionen in Betracht gezogen: Zelt, Wohnwagen oder Wohnmobil? Dann m\u00fcssen Sie einen Campingplatz finden, der Ihnen sch\u00f6ne Stellpl\u00e4tze anbietet, wo Sie sofort in die Natur eintauchen k\u00f6nnen und die Freiheit haben, sich auf einem ger\u00e4umigen, gut abgegrenzten Platz mit ausreichend Privatsph\u00e4re so einzurichten, wie es [&hellip;]<\/p>\n","protected":false},"author":1,"featured_media":0,"parent":0,"menu_order":0,"comment_status":"closed","ping_status":"closed","template":"","meta":{"_acf_changed":false,"footnotes":""},"class_list":["post-2552","page","type-page","status-publish","hentry"],"acf":[],"yoast_head":"<!-- This site is optimized with the Yoast SEO plugin v27.3 - https:\/\/yoast.com\/product\/yoast-seo-wordpress\/ -->\n<title>Unsere Campingpl\u00e4tze im Departement Lot - Camping Les Cigales<\/title>\n<meta name=\"robots\" content=\"index, follow, max-snippet:-1, max-image-preview:large, max-video-preview:-1\" \/>\n<link rel=\"canonical\" href=\"https:\/\/www.camping-les-cigales.com\/de\/stellplaetze-lot\/\" \/>\n<meta property=\"og:locale\" content=\"de_DE\" \/>\n<meta property=\"og:type\" content=\"article\" \/>\n<meta property=\"og:title\" content=\"Unsere Campingpl\u00e4tze im Departement Lot - Camping Les Cigales\" \/>\n<meta property=\"og:description\" content=\"Haben Sie f\u00fcr Ihren Urlaub im Departement Lot eine dieser Optionen in Betracht gezogen: Zelt, Wohnwagen oder Wohnmobil? Dann m\u00fcssen Sie einen Campingplatz finden, der Ihnen sch\u00f6ne Stellpl\u00e4tze anbietet, wo Sie sofort in die Natur eintauchen k\u00f6nnen und die Freiheit haben, sich auf einem ger\u00e4umigen, gut abgegrenzten Platz mit ausreichend Privatsph\u00e4re so einzurichten, wie es [&hellip;]\" \/>\n<meta property=\"og:url\" content=\"https:\/\/www.camping-les-cigales.com\/de\/stellplaetze-lot\/\" \/>\n<meta property=\"og:site_name\" content=\"Camping Les Cigales\" \/>\n<meta property=\"article:modified_time\" content=\"2025-05-27T10:00:44+00:00\" \/>\n<meta name=\"twitter:card\" content=\"summary_large_image\" \/>\n<meta name=\"twitter:label1\" content=\"Gesch\u00e4tzte Lesezeit\" \/>\n\t<meta name=\"twitter:data1\" content=\"1\u00a0Minute\" \/>\n<script type=\"application\/ld+json\" class=\"yoast-schema-graph\">{\"@context\":\"https:\\\/\\\/schema.org\",\"@graph\":[{\"@type\":\"WebPage\",\"@id\":\"https:\\\/\\\/www.camping-les-cigales.com\\\/de\\\/stellplaetze-lot\\\/\",\"url\":\"https:\\\/\\\/www.camping-les-cigales.com\\\/de\\\/stellplaetze-lot\\\/\",\"name\":\"Unsere Campingpl\u00e4tze im Departement Lot - Camping Les Cigales\",\"isPartOf\":{\"@id\":\"https:\\\/\\\/www.camping-les-cigales.com\\\/de\\\/#website\"},\"datePublished\":\"2024-09-04T12:33:58+00:00\",\"dateModified\":\"2025-05-27T10:00:44+00:00\",\"breadcrumb\":{\"@id\":\"https:\\\/\\\/www.camping-les-cigales.com\\\/de\\\/stellplaetze-lot\\\/#breadcrumb\"},\"inLanguage\":\"de\",\"potentialAction\":[{\"@type\":\"ReadAction\",\"target\":[\"https:\\\/\\\/www.camping-les-cigales.com\\\/de\\\/stellplaetze-lot\\\/\"]}]},{\"@type\":\"BreadcrumbList\",\"@id\":\"https:\\\/\\\/www.camping-les-cigales.com\\\/de\\\/stellplaetze-lot\\\/#breadcrumb\",\"itemListElement\":[{\"@type\":\"ListItem\",\"position\":1,\"name\":\"Accueil\",\"item\":\"https:\\\/\\\/www.camping-les-cigales.com\\\/de\\\/\"},{\"@type\":\"ListItem\",\"position\":2,\"name\":\"Unsere Campingpl\u00e4tze im Departement Lot\"}]},{\"@type\":\"WebSite\",\"@id\":\"https:\\\/\\\/www.camping-les-cigales.com\\\/de\\\/#website\",\"url\":\"https:\\\/\\\/www.camping-les-cigales.com\\\/de\\\/\",\"name\":\"Camping 1\",\"description\":\"\",\"potentialAction\":[{\"@type\":\"SearchAction\",\"target\":{\"@type\":\"EntryPoint\",\"urlTemplate\":\"https:\\\/\\\/www.camping-les-cigales.com\\\/de\\\/?s={search_term_string}\"},\"query-input\":{\"@type\":\"PropertyValueSpecification\",\"valueRequired\":true,\"valueName\":\"search_term_string\"}}],\"inLanguage\":\"de\"}]}<\/script>\n<!-- \/ Yoast SEO plugin. -->","yoast_head_json":{"title":"Unsere Campingpl\u00e4tze im Departement Lot - Camping Les Cigales","robots":{"index":"index","follow":"follow","max-snippet":"max-snippet:-1","max-image-preview":"max-image-preview:large","max-video-preview":"max-video-preview:-1"},"canonical":"https:\/\/www.camping-les-cigales.com\/de\/stellplaetze-lot\/","og_locale":"de_DE","og_type":"article","og_title":"Unsere Campingpl\u00e4tze im Departement Lot - Camping Les Cigales","og_description":"Haben Sie f\u00fcr Ihren Urlaub im Departement Lot eine dieser Optionen in Betracht gezogen: Zelt, Wohnwagen oder Wohnmobil? Dann m\u00fcssen Sie einen Campingplatz finden, der Ihnen sch\u00f6ne Stellpl\u00e4tze anbietet, wo Sie sofort in die Natur eintauchen k\u00f6nnen und die Freiheit haben, sich auf einem ger\u00e4umigen, gut abgegrenzten Platz mit ausreichend Privatsph\u00e4re so einzurichten, wie es [&hellip;]","og_url":"https:\/\/www.camping-les-cigales.com\/de\/stellplaetze-lot\/","og_site_name":"Camping Les Cigales","article_modified_time":"2025-05-27T10:00:44+00:00","twitter_card":"summary_large_image","twitter_misc":{"Gesch\u00e4tzte Lesezeit":"1\u00a0Minute"},"schema":{"@context":"https:\/\/schema.org","@graph":[{"@type":"WebPage","@id":"https:\/\/www.camping-les-cigales.com\/de\/stellplaetze-lot\/","url":"https:\/\/www.camping-les-cigales.com\/de\/stellplaetze-lot\/","name":"Unsere Campingpl\u00e4tze im Departement Lot - Camping Les Cigales","isPartOf":{"@id":"https:\/\/www.camping-les-cigales.com\/de\/#website"},"datePublished":"2024-09-04T12:33:58+00:00","dateModified":"2025-05-27T10:00:44+00:00","breadcrumb":{"@id":"https:\/\/www.camping-les-cigales.com\/de\/stellplaetze-lot\/#breadcrumb"},"inLanguage":"de","potentialAction":[{"@type":"ReadAction","target":["https:\/\/www.camping-les-cigales.com\/de\/stellplaetze-lot\/"]}]},{"@type":"BreadcrumbList","@id":"https:\/\/www.camping-les-cigales.com\/de\/stellplaetze-lot\/#breadcrumb","itemListElement":[{"@type":"ListItem","position":1,"name":"Accueil","item":"https:\/\/www.camping-les-cigales.com\/de\/"},{"@type":"ListItem","position":2,"name":"Unsere Campingpl\u00e4tze im Departement Lot"}]},{"@type":"WebSite","@id":"https:\/\/www.camping-les-cigales.com\/de\/#website","url":"https:\/\/www.camping-les-cigales.com\/de\/","name":"Camping 1","description":"","potentialAction":[{"@type":"SearchAction","target":{"@type":"EntryPoint","urlTemplate":"https:\/\/www.camping-les-cigales.com\/de\/?s={search_term_string}"},"query-input":{"@type":"PropertyValueSpecification","valueRequired":true,"valueName":"search_term_string"}}],"inLanguage":"de"}]}},"_links":{"self":[{"href":"https:\/\/www.camping-les-cigales.com\/de\/wp-json\/wp\/v2\/pages\/2552","targetHints":{"allow":["GET"]}}],"collection":[{"href":"https:\/\/www.camping-les-cigales.com\/de\/wp-json\/wp\/v2\/pages"}],"about":[{"href":"https:\/\/www.camping-les-cigales.com\/de\/wp-json\/wp\/v2\/types\/page"}],"author":[{"embeddable":true,"href":"https:\/\/www.camping-les-cigales.com\/de\/wp-json\/wp\/v2\/users\/1"}],"replies":[{"embeddable":true,"href":"https:\/\/www.camping-les-cigales.com\/de\/wp-json\/wp\/v2\/comments?post=2552"}],"version-history":[{"count":3,"href":"https:\/\/www.camping-les-cigales.com\/de\/wp-json\/wp\/v2\/pages\/2552\/revisions"}],"predecessor-version":[{"id":165345,"href":"https:\/\/www.camping-les-cigales.com\/de\/wp-json\/wp\/v2\/pages\/2552\/revisions\/165345"}],"wp:attachment":[{"href":"https:\/\/www.camping-les-cigales.com\/de\/wp-json\/wp\/v2\/media?parent=2552"}],"curies":[{"name":"wp","href":"https:\/\/api.w.org\/{rel}","templated":true}]}}